{"id":4085,"date":"2021-03-21T07:33:41","date_gmt":"2021-03-21T07:33:41","guid":{"rendered":"https:\/\/www.spcstuttgart.de\/?page_id=4085"},"modified":"2025-11-27T09:48:35","modified_gmt":"2025-11-27T08:48:35","slug":"kolo-srpskih-sestara","status":"publish","type":"page","link":"https:\/\/spcstuttgart.de\/de\/kolo-srpskih-sestara\/","title":{"rendered":"Verband der Serbischen Schwestern"},"content":{"rendered":"<div data-elementor-type=\"wp-page\" data-elementor-id=\"4085\" class=\"elementor elementor-4085\" data-elementor-post-type=\"page\">\n\t\t\t\t<div class=\"elementor-element elementor-element-40a3ca3 e-flex e-con-boxed e-con e-parent\" data-id=\"40a3ca3\" data-element_type=\"container\" data-e-type=\"container\" data-settings=\"{&quot;background_background&quot;:&quot;classic&quot;}\">\n\t\t\t\t\t<div class=\"e-con-inner\">\n\t\t<div class=\"elementor-element elementor-element-e3a1eb6 e-con-full e-flex e-con e-child\" data-id=\"e3a1eb6\" data-element_type=\"container\" data-e-type=\"container\">\n\t\t\t\t<div class=\"elementor-element elementor-element-d000cce animated-slow elementor-invisible elementor-widget elementor-widget-heading\" data-id=\"d000cce\" data-element_type=\"widget\" data-e-type=\"widget\" data-settings=\"{&quot;_animation&quot;:&quot;fadeIn&quot;}\" data-widget_type=\"heading.default\">\n\t\t\t\t\t<h1 class=\"elementor-heading-title elementor-size-default\">Verband der Serbischen Schwestern<\/h1>\t\t\t\t<\/div>\n\t\t\t\t<div class=\"elementor-element elementor-element-36dd660 elementor-invisible elementor-widget elementor-widget-text-editor\" data-id=\"36dd660\" data-element_type=\"widget\" data-e-type=\"widget\" data-settings=\"{&quot;_animation&quot;:&quot;fadeIn&quot;}\" data-widget_type=\"text-editor.default\">\n\t\t\t\t\t\t\t\t\t<p>Der Verband der Serbischen Schwestern (Kolo srpskih sestara) wurde 1993 in der Kirchengemeinde Stuttgart mit etwa achtzig Mitgliedern durch den Vereinsvorsitzenden Frau Zorka Miljevi\u0107, der damaligen Frau des Pfarrers Slobodan Miljevi\u0107 mit dem Segen Seiner Eminenz, Bischof Konstantin von Mitteleuropa, gegr\u00fcndet.<\/p><p>In den ersten Jahren nach der Gr\u00fcndung basierte die Arbeit des Verbands der Serbischen Schwestern (Kolo), wegen der Kriegsereignisse in der Heimat, auf der Unterst\u00fctzung der orthodoxen Bev\u00f6lkerung im gesamten ehemaligen Jugoslawien.\nUnz\u00e4hlige Fl\u00fcchtlinge, Kinder und Waisen wurden betreut; t\u00e4glich wurde sowohl finanzielle als auch materielle Hilfe gesammelt, die die Mitglieder des Verbands auch in den damaligen Kriegsgebieten an diejenigen verteilten, die es am dringendsten ben\u00f6tigt hatten.\nNach Kriegsende setzen sie ihre humanit\u00e4re Arbeit fort, um vielen Fl\u00fcchtlingen und R\u00fcckkehrern zu helfen.<\/p><p>Nach einer langen und schweren Krankheit verlor die Verbandsvorsitzende, Frau Zorka Miljevi\u0107, 2007 den Kampf um ihr Leben. Als Nachfolger wird Frau Jagoda Simovi\u0107 gew\u00e4hlt und setzt die Arbeit der Schwesternschaft fort, was bis heute so geblieben ist.<\/p><p>In den letzten Jahren haben sie an verschiedenen humanit\u00e4ren Aktionen im gesamten Heimatland sowie in der Diaspora teilgenommen, den Bed\u00fcrftigsten geholfen, zum Wiederaufbau vieler Kirchen, Kl\u00f6ster, Schulen und Krankenh\u00e4user beigetragen und  Spendenaktionen f\u00fcr Kosovo und Metohija organisiert. Au\u00dferdem haben sie sich in verschiedenen Aktionen zur Behandlung von Kindern und Erwachsenen beteiligt, die leider in letzter Zeit immer mehr geworden sind.\nIn der Stuttgarter Kirchengemeinde haben sie w\u00e4hrend ihres gesamten Bestehens von Woche zu Woche Gottesdienste f\u00fcr die Gl\u00e4ubigen vorbereitet und zahlreiche kirchliche und staatliche W\u00fcrdentr\u00e4ger sowie jeden Gast der Kirchengemeinde begr\u00fc\u00dft und empfangen.<\/p><p>W\u00e4hrend ihres jahrzehntelangen Bestehens wurden ihnen f\u00fcr ihre humanit\u00e4ren und karitativen Aktivit\u00e4ten zahlreiche Dankesbriefe, Diplome und verschiedene Auszeichnungen verliehen.<\/p><p>Die Schutzpatron, Besch\u00fctzerin und F\u00fcrsprecherin des Gebets vor dem Herrn, dem Verband der serbischen Schwestern in Stuttgart, ist die Ehrw\u00fcrdige Mutter Paraskeva - Hl. Petka, die seit ihrer Gr\u00fcndung bis heute von den Mitgliedern des Verband gebetet und feierlich gefeiert wird. Das 25-j\u00e4hrige Bestehen und Arbeiten des Verbands wurde 2018 gefeiert.<\/p><p>\u041d\u0430\u043a\u043e\u043d \u0434\u0443\u0436\u0435 \u0431\u043e\u043b\u0435\u0441\u0442\u0438, \u0434\u0443\u0433\u043e\u0433\u043e\u0434\u0438\u0448\u045a\u0430 \u043f\u0440\u0435\u0434\u0441\u0435\u0434\u043d\u0438\u0446\u0430 \u041a\u043e\u043b\u0430, \u0433\u043e\u0441\u043f\u043e\u0452\u0430 \u0408\u0430\u0433\u043e\u0434\u0430 \u0421\u0438\u043c\u043e\u0432\u0438\u045b, \u0443\u043f\u043e\u043a\u043e\u0458\u0438\u043b\u0430 \u0441\u0435 2023. \u0433\u043e\u0434\u0438\u043d\u0435, \u0430 \u043d\u0430 \u045a\u0435\u043d\u043e \u043c\u0435\u0441\u0442\u043e \u0438\u0437\u0430\u0431\u0440\u0430\u043d\u0430 \u0458\u0435 \u0433\u043e\u0441\u043f\u043e\u0452\u0430 \u0417\u043e\u0440\u043a\u0430 \u0408\u0430\u0433\u043e\u0434\u0438\u045b.<\/p><p>\u0414\u0430\u043d\u0430\u0441, \u041a\u043e\u043b\u043e \u0441\u0440\u043f\u0441\u043a\u0438\u0445 \u0441\u0435\u0441\u0442\u0430\u0440\u0430 \u0431\u0440\u043e\u0458\u0438 \u043e\u043a\u043e \u0447\u0435\u0442\u0440\u0434\u0435\u0441\u0435\u0442 \u0447\u043b\u0430\u043d\u0438\u0446\u0430, \u043d\u0430 \u0447\u0438\u0458\u0435\u043c \u0458\u0435 \u0447\u0435\u043b\u0443 \u043e\u0434 2023. \u0433\u043e\u0434\u0438\u043d\u0435, \u0441\u0435\u0441\u0442\u0440\u0430 \u0417\u043e\u0440\u043a\u0430. \u041d\u0430\u0458\u043c\u043b\u0430\u0452\u0435 \u0447\u043b\u0430\u043d\u0438\u0446\u0435 \u041a\u043e\u043b\u0430 \u0438\u043c\u0430\u0458\u0443 \u0441\u0430\u043c\u043e \u043f\u043e 9 \u0433\u043e\u0434\u0438\u043d\u0430 (\u0422\u0435\u043e\u0434\u043e\u0440\u0430, \u0425\u0435\u043b\u0435\u043d\u0430 \u0438 \u041c\u0430\u0440\u0438\u0458\u0430\u043d\u0430), \u0430 \u043d\u0430\u0458\u0441\u0442\u0430\u0440\u0438\u0458\u0430 \u0447\u043b\u0430\u043d\u0438\u0446\u0430 84 \u0433\u043e\u0434\u0438\u043d\u0430 (\u0418\u0432\u0430\u043d\u043a\u0430 \u0428\u043a\u0443\u043d\u0434\u0440\u0438\u045b).<\/p><p>\u0421\u0432\u0438 \u043a\u043e\u0458\u0438 \u0436\u0435\u043b\u0435 \u0434\u0430 \u0441\u0435 \u043f\u0440\u0438\u0434\u0440\u0443\u0436\u0435 \u0438 \u0434\u0430 \u0441\u0432\u043e\u0458\u0438\u043c \u0440\u0430\u0434\u043e\u043c \u0438 \u0443\u043c\u0435\u045b\u0435\u043c \u043f\u043e\u043c\u043e\u0433\u043d\u0443 \u0440\u0430\u0434 \u043a\u043e\u0458\u0438 \u0442\u0440\u0430\u0458\u0435 \u0441\u043a\u043e\u0440\u043e \u0442\u0440\u0438\u0434\u0435\u0441\u0435\u0442 \u0433\u043e\u0434\u0438\u043d\u0430, \u043c\u043e\u0433\u0443 \u0441\u0435 \u0458\u0430\u0432\u0438\u0442\u0438 \u043d\u0430\u0434\u043b\u0435\u0436\u043d\u043e\u043c \u0441\u0432\u0435\u0448\u0442\u0435\u043d\u0441\u0442\u0432\u0443, \u0438\u043b\u0438 \u043f\u0430\u043a \u043f\u0440\u0435\u0434\u0441\u0435\u0434\u043d\u0438\u0446\u0438 \u041a\u043e\u043b\u0430, \u0441\u0435\u0441\u0442\u0440\u0438 \u0417\u043e\u0440\u043a\u0438 \u0408\u0430\u0433\u043e\u0434\u0438\u045b.<\/p>\t\t\t\t\t\t\t\t<\/div>\n\t\t\t\t<div class=\"elementor-element elementor-element-83e672c elementor-widget elementor-widget-heading\" data-id=\"83e672c\" data-element_type=\"widget\" data-e-type=\"widget\" data-widget_type=\"heading.default\">\n\t\t\t\t\t<h2 class=\"elementor-heading-title elementor-size-default\"><b>Kontakt:<\/b><\/h2>\t\t\t\t<\/div>\n\t\t\t\t<div class=\"elementor-element elementor-element-8a3b6c7 elementor-widget elementor-widget-heading\" data-id=\"8a3b6c7\" data-element_type=\"widget\" data-e-type=\"widget\" data-widget_type=\"heading.default\">\n\t\t\t\t\t<h2 class=\"elementor-heading-title elementor-size-default\">Pfarrb\u00fcro:\n+49 711 964 00 20\n<\/h2>\t\t\t\t<\/div>\n\t\t\t\t<div class=\"elementor-element elementor-element-5f99e0a elementor-widget elementor-widget-heading\" data-id=\"5f99e0a\" data-element_type=\"widget\" data-e-type=\"widget\" data-widget_type=\"heading.default\">\n\t\t\t\t\t<h2 class=\"elementor-heading-title elementor-size-default\">\u0413\u043e\u0441\u043f\u043e\u0452\u0430 <b>\u0417\u043e\u0440\u043a\u0430 \u0408\u0430\u0433\u043e\u0434\u0438\u045b<\/b>, \u043f\u0440\u0435\u0434\u0441\u0435\u0434\u043d\u0438\u0446\u0430 \u041a\u043e\u043b\u0430 \u0441\u0440\u043f\u0441\u043a\u0438\u0445 \u0441\u0435\u0441\u0442\u0430\u0440\u0430:\n\n+49 1575 593 97 60<\/h2>\t\t\t\t<\/div>\n\t\t\t\t<\/div>\n\t\t<div class=\"elementor-element elementor-element-3d6a47d e-con-full e-flex e-con e-child\" data-id=\"3d6a47d\" data-element_type=\"container\" data-e-type=\"container\">\n\t\t\t\t<div class=\"elementor-element elementor-element-e3b2070 elementor-widget elementor-widget-image\" data-id=\"e3b2070\" data-element_type=\"widget\" data-e-type=\"widget\" data-widget_type=\"image.default\">\n\t\t\t\t\t\t\t\t\t\t\t\t\t\t\t<img alt=\"\" fetchpriority=\"high\" decoding=\"async\" width=\"1024\" height=\"683\" src=\"https:\/\/spcstuttgart.de\/wp-content\/uploads\/2021\/01\/IMG_1254-1024x683.jpg\" class=\"attachment-large size-large wp-image-314\" srcset=\"https:\/\/spcstuttgart.de\/wp-content\/uploads\/2021\/01\/IMG_1254-1024x683.jpg 1024w, https:\/\/spcstuttgart.de\/wp-content\/uploads\/2021\/01\/IMG_1254-300x200.jpg 300w, https:\/\/spcstuttgart.de\/wp-content\/uploads\/2021\/01\/IMG_1254-768x512.jpg 768w, https:\/\/spcstuttgart.de\/wp-content\/uploads\/2021\/01\/IMG_1254-1536x1024.jpg 1536w, https:\/\/spcstuttgart.de\/wp-content\/uploads\/2021\/01\/IMG_1254-2048x1365.jpg 2048w\" sizes=\"(max-width: 1024px) 100vw, 1024px\" \/>\t\t\t\t\t\t\t\t\t\t\t\t\t\t\t<\/div>\n\t\t\t\t<\/div>\n\t\t\t\t\t<\/div>\n\t\t\t\t<\/div>\n\t\t\t\t<\/div>","protected":false},"excerpt":{"rendered":"<p>\u041a\u043e\u043b\u043e \u0441\u0440\u043f\u0441\u043a\u0438\u0445 \u0441\u0435\u0441\u0442\u0430\u0440\u0430 \u041a\u043e\u043b\u043e \u0441\u0440\u043f\u0441\u043a\u0438\u0445 \u0441\u0435\u0441\u0442\u0430\u0440\u0430 \u043f\u0440\u0438 \u0426\u0440\u043a\u0432\u0435\u043d\u043e\u0458 \u043e\u043f\u0448\u0442\u0438\u043d\u0438 \u0448\u0442\u0443\u0442\u0433\u0430\u0440\u0442\u0441\u043a\u043e\u0458, \u0431\u043b\u0430\u0433\u043e\u0441\u043b\u043e\u0432\u043e\u043c \u040a\u0435\u0433\u043e\u0432\u043e\u0433 \u043f\u0440\u0435\u043e\u0441\u0432\u0435\u0448\u0442\u0435\u043d\u0441\u0442\u0432\u0430 \u0415\u043f\u0438\u0441\u043a\u043e\u043f\u0430 \u0441\u0440\u0435\u0434\u043d\u043e\u0435\u0432\u0440\u043e\u043f\u0441\u043a\u043e\u0433 \u041a\u043e\u043d\u0441\u0442\u0430\u043d\u0442\u0438\u043d\u0430, \u043e\u0441\u043d\u043e\u0432\u0430\u043d\u043e \u0458\u0435 1993. \u0433\u043e\u0434\u0438\u043d\u0435, \u0431\u0440\u043e\u0458\u0435\u045b\u0438 \u0442\u0430\u0434\u0430 \u043e\u043a\u043e \u043e\u0441\u0430\u043c\u0434\u0435\u0441\u0435\u0442 \u0447\u043b\u0430\u043d\u0438\u0446\u0430 \u043d\u0430 \u0447\u0435\u043b\u0443 \u0441\u0430 \u043f\u0440\u0435\u0434\u0441\u0435\u0434\u043d\u0438\u0446\u043e\u043c \u0433\u043e\u0441\u043f\u043e\u0452\u043e\u043c \u0417\u043e\u0440\u043a\u043e\u043c \u041c\u0438\u0459\u0435\u0432\u0438\u045b, \u0441\u0443\u043f\u0440\u0443\u0433\u043e\u043c \u0442\u0430\u0434\u0430\u0448\u045a\u0435\u0433\u0430 \u043f\u0430\u0440\u043e\u0445\u0430 \u0448\u0442\u0443\u0442\u0433\u0430\u0440\u0442\u0441\u043a\u043e\u0433, \u043e\u0446\u0430 \u0421\u043b\u043e\u0431\u043e\u0434\u0430\u043d\u0430 \u041c\u0438\u0459\u0435\u0432\u0438\u045b\u0430. \u0423 \u043f\u0440\u0432\u0438\u043c \u0433\u043e\u0434\u0438\u043d\u0430\u043c\u0430 \u043e\u0434 \u043e\u0441\u043d\u0438\u0432\u0430\u045a\u0430, \u0430 \u0437\u0431\u043e\u0433 \u043d\u0435\u043c\u0438\u043b\u0438\u0445 \u0434\u043e\u0433\u0430\u0452\u0430\u0458\u0430 \u0438 \u0440\u0430\u0442\u043d\u0438\u0445 \u0434\u0435\u0448\u0430\u0432\u0430\u045a\u0430 \u0443 \u043e\u0442\u0430\u045f\u0431\u0438\u043d\u0438, \u0440\u0430\u0434 \u041a\u043e\u043b\u0430 [&hellip;]<\/p>\n","protected":false},"author":1,"featured_media":0,"parent":0,"menu_order":0,"comment_status":"closed","ping_status":"closed","template":"elementor_header_footer","meta":{"_seopress_robots_primary_cat":"","_seopress_titles_title":"","_seopress_titles_desc":"","_seopress_robots_index":"","site-sidebar-layout":"no-sidebar","site-content-layout":"page-builder","ast-site-content-layout":"full-width-container","site-content-style":"unboxed","site-sidebar-style":"unboxed","ast-global-header-display":"","ast-banner-title-visibility":"","ast-main-header-display":"disabled","ast-hfb-above-header-display":"","ast-hfb-below-header-display":"","ast-hfb-mobile-header-display":"","site-post-title":"disabled","ast-breadcrumbs-content":"","ast-featured-img":"disabled","footer-sml-layout":"","ast-disable-related-posts":"","theme-transparent-header-meta":"default","adv-header-id-meta":"","stick-header-meta":"","header-above-stick-meta":"","header-main-stick-meta":"","header-below-stick-meta":"","astra-migrate-meta-layouts":"set","ast-page-background-enabled":"default","ast-page-background-meta":{"desktop":{"background-color":"","background-image":"","background-repeat":"repeat","background-position":"center center","background-size":"auto","background-attachment":"scroll","background-type":"","background-media":"","overlay-type":"","overlay-color":"","overlay-opacity":"","overlay-gradient":""},"tablet":{"background-color":"","background-image":"","background-repeat":"repeat","background-position":"center center","background-size":"auto","background-attachment":"scroll","background-type":"","background-media":"","overlay-type":"","overlay-color":"","overlay-opacity":"","overlay-gradient":""},"mobile":{"background-color":"","background-image":"","background-repeat":"repeat","background-position":"center center","background-size":"auto","background-attachment":"scroll","background-type":"","background-media":"","overlay-type":"","overlay-color":"","overlay-opacity":"","overlay-gradient":""}},"ast-content-background-meta":{"desktop":{"background-color":"var(--ast-global-color-5)","background-image":"","background-repeat":"repeat","background-position":"center center","background-size":"auto","background-attachment":"scroll","background-type":"","background-media":"","overlay-type":"","overlay-color":"","overlay-opacity":"","overlay-gradient":""},"tablet":{"background-color":"var(--ast-global-color-5)","background-image":"","background-repeat":"repeat","background-position":"center center","background-size":"auto","background-attachment":"scroll","background-type":"","background-media":"","overlay-type":"","overlay-color":"","overlay-opacity":"","overlay-gradient":""},"mobile":{"background-color":"var(--ast-global-color-5)","background-image":"","background-repeat":"repeat","background-position":"center center","background-size":"auto","background-attachment":"scroll","background-type":"","background-media":"","overlay-type":"","overlay-color":"","overlay-opacity":"","overlay-gradient":""}},"footnotes":""},"class_list":["post-4085","page","type-page","status-publish","hentry"],"_hostinger_reach_plugin_has_subscription_block":false,"_hostinger_reach_plugin_is_elementor":false,"_links":{"self":[{"href":"https:\/\/spcstuttgart.de\/de\/wp-json\/wp\/v2\/pages\/4085","targetHints":{"allow":["GET"]}}],"collection":[{"href":"https:\/\/spcstuttgart.de\/de\/wp-json\/wp\/v2\/pages"}],"about":[{"href":"https:\/\/spcstuttgart.de\/de\/wp-json\/wp\/v2\/types\/page"}],"author":[{"embeddable":true,"href":"https:\/\/spcstuttgart.de\/de\/wp-json\/wp\/v2\/users\/1"}],"replies":[{"embeddable":true,"href":"https:\/\/spcstuttgart.de\/de\/wp-json\/wp\/v2\/comments?post=4085"}],"version-history":[{"count":34,"href":"https:\/\/spcstuttgart.de\/de\/wp-json\/wp\/v2\/pages\/4085\/revisions"}],"predecessor-version":[{"id":13942,"href":"https:\/\/spcstuttgart.de\/de\/wp-json\/wp\/v2\/pages\/4085\/revisions\/13942"}],"wp:attachment":[{"href":"https:\/\/spcstuttgart.de\/de\/wp-json\/wp\/v2\/media?parent=4085"}],"curies":[{"name":"wp","href":"https:\/\/api.w.org\/{rel}","templated":true}]}}