{"id":3916,"date":"2021-03-19T19:43:53","date_gmt":"2021-03-19T19:43:53","guid":{"rendered":"https:\/\/www.spcstuttgart.de\/?page_id=3916"},"modified":"2025-11-27T09:51:34","modified_gmt":"2025-11-27T08:51:34","slug":"hor","status":"publish","type":"page","link":"https:\/\/spcstuttgart.de\/de\/hor\/","title":{"rendered":"Chor"},"content":{"rendered":"<div data-elementor-type=\"wp-page\" data-elementor-id=\"3916\" class=\"elementor elementor-3916\" data-elementor-post-type=\"page\">\n\t\t\t\t<div class=\"elementor-element elementor-element-3323700 e-flex e-con-boxed e-con e-parent\" data-id=\"3323700\" data-element_type=\"container\" data-e-type=\"container\" data-settings=\"{&quot;background_background&quot;:&quot;classic&quot;}\">\n\t\t\t\t\t<div class=\"e-con-inner\">\n\t\t\t\t<div class=\"elementor-element elementor-element-7866ce9 animated-slow elementor-invisible elementor-widget elementor-widget-heading\" data-id=\"7866ce9\" data-element_type=\"widget\" data-e-type=\"widget\" data-settings=\"{&quot;_animation&quot;:&quot;fadeInUp&quot;}\" data-widget_type=\"heading.default\">\n\t\t\t\t\t<h1 class=\"elementor-heading-title elementor-size-default\">Chor<\/h1>\t\t\t\t<\/div>\n\t\t\t\t<div class=\"elementor-element elementor-element-13370a7 animated-slow elementor-invisible elementor-widget elementor-widget-heading\" data-id=\"13370a7\" data-element_type=\"widget\" data-e-type=\"widget\" data-settings=\"{&quot;_animation&quot;:&quot;fadeInUp&quot;}\" data-widget_type=\"heading.default\">\n\t\t\t\t\t<span class=\"elementor-heading-title elementor-size-default\">\u201eSingt unserm Gott, singe...\u201c<\/span>\t\t\t\t<\/div>\n\t\t\t\t<div class=\"elementor-element elementor-element-969b51f animated-slow elementor-invisible elementor-widget elementor-widget-heading\" data-id=\"969b51f\" data-element_type=\"widget\" data-e-type=\"widget\" data-settings=\"{&quot;_animation&quot;:&quot;fadeInUp&quot;}\" data-widget_type=\"heading.default\">\n\t\t\t\t\t<span class=\"elementor-heading-title elementor-size-default\">So spricht der Psalmist David seine Gebete an\nden allm\u00e4chtigen Gott und begegnet dabei die \nGnade Gottes durch seinen Gesang.\n\n\n<\/span>\t\t\t\t<\/div>\n\t\t\t\t\t<\/div>\n\t\t\t\t<\/div>\n\t\t<div class=\"elementor-element elementor-element-6678152 e-flex e-con-boxed e-con e-parent\" data-id=\"6678152\" data-element_type=\"container\" data-e-type=\"container\" data-settings=\"{&quot;background_background&quot;:&quot;classic&quot;}\">\n\t\t\t\t\t<div class=\"e-con-inner\">\n\t\t<div class=\"elementor-element elementor-element-53d4e81 e-con-full e-flex e-con e-child\" data-id=\"53d4e81\" data-element_type=\"container\" data-e-type=\"container\">\n\t\t\t\t<div class=\"elementor-element elementor-element-d764630 elementor-widget elementor-widget-text-editor\" data-id=\"d764630\" data-element_type=\"widget\" data-e-type=\"widget\" data-widget_type=\"text-editor.default\">\n\t\t\t\t\t\t\t\t\t<p>Der Chor \u201eHl. F\u00fcrst Lazarus\u201c wurde in der Stuttgarter Kirchengemeinde auf Initiative unserer beiden Pfarrer Slobodan Miljevi\u0107 und Marinko Radmilo und dank der Geschicklichkeit und fachlicher Kenntnis von Dirigent Vladimir Milosavljevi\u0107 im Jahr 1998 als gemischter Chor gegr\u00fcndet.<\/p><p>Im November 1998 fand die erste Chorprobe statt. Die urspr\u00fcngliche Rolle des Chores bestand darin, am liturgischen Leben in unserer Kirche - der Synaxis der Serbischen Heiligen teilzunehmen. Diese Rolle erweiterte sich jedoch bald und nach nur einem halben Jahr seit seiner Gr\u00fcndung fand im April 1999 in Hemingen das erste Solokonzert des Chores statt.<\/p><p>Nach dem Vorbild des glorreichen Nachkommen des Heiligen F\u00fcrsten Lazarus Hrebljanovi\u0107 nahm der Chor mit dem Segen der Priester das Fest der Himmelfahrt des Herrn - des Tages des Erretters - als Schutzpatron, die er mit geistlichen Konzerten und nach traditioneller Art feiert. Der Chor nimmt auch an der Feier der 1. Vidovdan-Akademie zusammen mit den Vorschulkindern der Kirchengemeinde Stuttgart teil und in den folgenden Jahren mit den Sch\u00fclern und Professoren der serbischen Zusatzschule in Baden-W\u00fcrttemberg. \nIm Laufe der Zeit wird der Chor Teil des aktiven Lebens der Gemeinde und singt auf der Heiligen Sava Akademie, dem Heiligen Sava Ball und allen wichtigen Ereignissen der Kirche und Kirchengemeinschaft.<\/p><p>Der Chor nimmt an freiwilligen Konzerten f\u00fcr Obdachlose (Lukaskirche), Altenheimen, ACK-Sitzungen (Arbeitskreis Orthodoxe Kirche) teil; gibt Konzerte f\u00fcr das deutsche Publikum im Schloss Sch\u00f6ntal, Bad Boll und nimmt aktiv an den Chorfesten der Di\u00f6zese Mitteleuropa in Stuttgart, Frankfurt und Z\u00fcrich teil.<\/p><p>Die Teilnahme an Liturgien, Konzerten und Gastauftritten (im Dienst f\u00fcr Gott und die Mitmenschen) tr\u00e4gt zur Entwicklung des Chores in Bezug auf Mitgliederzahl und nationale Vielfalt bei. Zu den Nationalit\u00e4ten der Mitglieder unseres Chores z\u00e4hlen: Russen, Spanier, Bulgaren sowie Deutsche aus unserem Gastgeberland. Zu unserer gro\u00dfen Freude wurde ein Teil unseres Chores auch Teil des Chores einer bulgarischen Kirche.<\/p><p>Der Chor \"Heiliger F\u00fcrst Lazarus\" wurde nicht nur durch die selbstlosen Bem\u00fchungen unserer Priester geschaffen, sondern auch durch das Engagement der Dirigenten, angefangen beim Gr\u00fcnder Vladimir Milosavljevi\u0107, dann Aleksandar Bruji\u0107, Sa\u0161a Vrabac, Milica Mladenov\u0107, Dijana Lon\u010darevi\u0107 , Tijana Velji\u0107, Dijana Diski\u0107 und vor allem Dimitrina Ilieva-Sachsenroeder, die derzeitige Chorleiter. Nat\u00fcrlich ist es notwendig, alle Mitglieder des Chores zu erw\u00e4hnen, die mit ihrer Liebe zum Kirchengesang und zur Anbetung des dreieinigen Gottes von Anfang an bis heute einen Chor bilden. \nHeute z\u00e4hlt der Chor 20 aktive Mitglieder und ist bereit und willens seine Mitgliederzahl zu erh\u00f6hen.<\/p><p>In seinem mehr als zwei Jahrzehnte langen Bestehen sind auch die verstorbenen Mitglieder zu erw\u00e4hnen: + Ratomir Lazarevi\u0107, + Milovan Damjanovi\u0107 und + Todor To\u0161i\u0107, mit dem Wunsch und der Hoffnung, Teil des Chores der himmlischen Liturgie zu sein.<\/p><p>\u00a0\u00a0\u00a0\u00a0\u00a0\u00a0\u00a0\u00a0\u00a0\u00a0\u00a0 Hiermit wollen wir auch einige Namen nennen, die uns und unserer Kirche von Anfang an ihre Liebe, Unterst\u00fctzung und Hilfe gaben: Heimathaus \"Jovi\u0107\", + Manfred Wagner - Hoher Vertreter der Evangelischen Kirche, Georg Hummler - Klinische Seelsorge, Andreas St\u00f6hr - Imker, Verica Pavlovi\u0107 - \"Tara\" Brautmode und viele weitere Freunde und Sympathisanten des Chores, die zusammen mit uns in unserem Herrn Jesus Christus wachsen.<\/p><p>\u00a0\u00a0\u00a0\u00a0\u00a0\u00a0\u00a0\u00a0\u00a0\u00a0\u00a0 Im Jahr 2022 wurde durch den Einsatz der Priesterschaft unserer Kirche der Kinderchor \u201aSimeoniti\u2018 unter der Leitung von Herrn Mladen Petrovi\u0107 gegr\u00fcndet. Seit 2024 wird der Kinderchor \u201aSimeoniti\u2018 von Frau Goranka Zett geleitet. Der Chor z\u00e4hlt derzeit 22 aktive Mitglieder und singt regelm\u00e4\u00dfig bei Gottesdiensten sowie bei verschiedenen anderen kirchlichen und kulturellen Veranstaltungen, sowohl in unserer als auch in den umliegenden Kirchen.<\/p>\t\t\t\t\t\t\t\t<\/div>\n\t\t\t\t<div class=\"elementor-element elementor-element-60bf5ee animated-slow elementor-invisible elementor-widget elementor-widget-heading\" data-id=\"60bf5ee\" data-element_type=\"widget\" data-e-type=\"widget\" data-settings=\"{&quot;_animation&quot;:&quot;fadeInUp&quot;}\" data-widget_type=\"heading.default\">\n\t\t\t\t\t<span class=\"elementor-heading-title elementor-size-default\">\u201eAlles, was ihr in Worten und Werken tut, geschehe im Namen Jesu, des Herrn. Durch ihn dankt Gott, dem Vater!\u201c (Kol 3,17).\n\n<\/span>\t\t\t\t<\/div>\n\t\t\t\t<div class=\"elementor-element elementor-element-9a0e245 elementor-align-center elementor-mobile-align-center elementor-invisible elementor-widget elementor-widget-button\" data-id=\"9a0e245\" data-element_type=\"widget\" data-e-type=\"widget\" data-settings=\"{&quot;_animation&quot;:&quot;fadeInUp&quot;}\" data-widget_type=\"button.default\">\n\t\t\t\t\t\t\t\t\t\t<a class=\"elementor-button elementor-button-link elementor-size-sm elementor-animation-sink\" href=\"http:\/\/+497119640020\">\n\t\t\t\t\t\t<span class=\"elementor-button-content-wrapper\">\n\t\t\t\t\t\t\t\t\t<span class=\"elementor-button-text\">Kontakt:\nPfarrb\u00fcro:\n+49 711 964 00 20<\/span>\n\t\t\t\t\t<\/span>\n\t\t\t\t\t<\/a>\n\t\t\t\t\t\t\t\t<\/div>\n\t\t\t\t<\/div>\n\t\t\t\t\t<\/div>\n\t\t\t\t<\/div>\n\t\t\t\t<\/div>","protected":false},"excerpt":{"rendered":"<p>\u0425\u043e\u0440 \u201e\u041f\u043e\u0458\u0442\u0435 \u0411\u043e\u0433\u0443 \u043d\u0430\u0448\u0435\u043c\u0443, \u043f\u043e\u0458\u0442\u0435&#8230;\u201c o\u0432\u0430\u043a\u043e \u043f\u0441\u0430\u043b\u043c\u043e\u043f\u043e\u0458\u0430\u0446 \u0414\u0430\u0432\u0438\u0434 \u0443\u043f\u0443\u045b\u0443\u0458\u0435 \u0441\u0432\u043e\u0458\u0435 \u043c\u043e\u043b\u0438\u0442\u0432\u0435 \u0421\u0432\u0435\u043c\u043e\u0433\u0443\u045b\u0435\u043c \u0411\u043e\u0433\u0443 \u0438 \u043d\u0430\u0438\u043b\u0430\u0437\u0438 \u043d\u0430 \u043c\u0438\u043b\u043e\u0441\u0442 \u0411\u043e\u0436\u0458\u0443 \u043a\u0440\u043e\u0437 \u0441\u0432\u043e\u0458\u0435 \u043f\u043e\u0458\u0430\u045a\u0435. \u0425\u043e\u0440 \u201e\u0421\u0432\u0435\u0442\u0438 \u041a\u045a\u0430\u0437 \u041b\u0430\u0437\u0430\u0440\u201c \u043f\u0440\u0438 \u0426\u0440\u043a\u0432\u0435\u043d\u043e\u0458 \u043e\u043f\u0448\u0442\u0438\u043d\u0438 \u0443 \u0428\u0442\u0443\u0442\u0433\u0430\u0440\u0442\u0443 \u0458\u0435 \u043d\u0430\u0441\u0442\u0430\u043e \u043d\u0435\u0441\u0435\u0431\u0438\u0447\u043d\u0438\u043c \u0437\u0430\u043b\u0430\u0433\u0430\u045a\u0435\u043c, \u043a\u0430\u043a\u043e \u043d\u0430\u0448\u0438\u0445 \u0441\u0432\u0435\u0448\u0442\u0435\u043d\u0438\u043a\u0430 \u043e\u0446\u0430 \u0421\u043b\u043e\u0431\u043e\u0434\u0430\u043d\u0430 \u041c\u0438\u0459\u0435\u0432\u0438\u045b\u0430 \u0438 \u043e\u0446\u0430 \u041c\u0430\u0440\u0438\u043d\u043a\u0430 \u0420\u0430\u0434\u043c\u0438\u043b\u0430 \u0442\u0430\u043a\u043e \u0438 \u0430\u043d\u0433\u0430\u0436\u043c\u0430\u043d\u043e\u043c, \u0441\u0442\u0440\u0443\u0447\u043d\u043e\u0448\u045b\u0443 \u0438 \u0434\u0443\u0433\u043e\u0433\u043e\u0434\u0438\u0448\u045a\u0438\u043c \u0438\u0441\u043a\u0443\u0441\u0442\u0432\u043e\u043c \u0434\u0438\u0440\u0438\u0433\u0435\u043d\u0442\u0430 \u0412\u043b\u0430\u0434\u0438\u043c\u0438\u0440\u0430 \u041c\u0438\u043b\u043e\u0441\u0430\u0432\u0459\u0435\u0432\u0438\u045b\u0430 \u0438\u0437 [&hellip;]<\/p>\n","protected":false},"author":1,"featured_media":0,"parent":0,"menu_order":0,"comment_status":"closed","ping_status":"closed","template":"elementor_header_footer","meta":{"_seopress_robots_primary_cat":"","_seopress_titles_title":"","_seopress_titles_desc":"","_seopress_robots_index":"","site-sidebar-layout":"no-sidebar","site-content-layout":"page-builder","ast-site-content-layout":"full-width-container","site-content-style":"unboxed","site-sidebar-style":"unboxed","ast-global-header-display":"","ast-banner-title-visibility":"","ast-main-header-display":"disabled","ast-hfb-above-header-display":"","ast-hfb-below-header-display":"","ast-hfb-mobile-header-display":"","site-post-title":"disabled","ast-breadcrumbs-content":"","ast-featured-img":"disabled","footer-sml-layout":"","ast-disable-related-posts":"","theme-transparent-header-meta":"default","adv-header-id-meta":"","stick-header-meta":"","header-above-stick-meta":"","header-main-stick-meta":"","header-below-stick-meta":"","astra-migrate-meta-layouts":"set","ast-page-background-enabled":"default","ast-page-background-meta":{"desktop":{"background-color":"","background-image":"","background-repeat":"repeat","background-position":"center center","background-size":"auto","background-attachment":"scroll","background-type":"","background-media":"","overlay-type":"","overlay-color":"","overlay-opacity":"","overlay-gradient":""},"tablet":{"background-color":"","background-image":"","background-repeat":"repeat","background-position":"center center","background-size":"auto","background-attachment":"scroll","background-type":"","background-media":"","overlay-type":"","overlay-color":"","overlay-opacity":"","overlay-gradient":""},"mobile":{"background-color":"","background-image":"","background-repeat":"repeat","background-position":"center center","background-size":"auto","background-attachment":"scroll","background-type":"","background-media":"","overlay-type":"","overlay-color":"","overlay-opacity":"","overlay-gradient":""}},"ast-content-background-meta":{"desktop":{"background-color":"var(--ast-global-color-5)","background-image":"","background-repeat":"repeat","background-position":"center center","background-size":"auto","background-attachment":"scroll","background-type":"","background-media":"","overlay-type":"","overlay-color":"","overlay-opacity":"","overlay-gradient":""},"tablet":{"background-color":"var(--ast-global-color-5)","background-image":"","background-repeat":"repeat","background-position":"center center","background-size":"auto","background-attachment":"scroll","background-type":"","background-media":"","overlay-type":"","overlay-color":"","overlay-opacity":"","overlay-gradient":""},"mobile":{"background-color":"var(--ast-global-color-5)","background-image":"","background-repeat":"repeat","background-position":"center center","background-size":"auto","background-attachment":"scroll","background-type":"","background-media":"","overlay-type":"","overlay-color":"","overlay-opacity":"","overlay-gradient":""}},"footnotes":""},"class_list":["post-3916","page","type-page","status-publish","hentry"],"_hostinger_reach_plugin_has_subscription_block":false,"_hostinger_reach_plugin_is_elementor":false,"_links":{"self":[{"href":"https:\/\/spcstuttgart.de\/de\/wp-json\/wp\/v2\/pages\/3916","targetHints":{"allow":["GET"]}}],"collection":[{"href":"https:\/\/spcstuttgart.de\/de\/wp-json\/wp\/v2\/pages"}],"about":[{"href":"https:\/\/spcstuttgart.de\/de\/wp-json\/wp\/v2\/types\/page"}],"author":[{"embeddable":true,"href":"https:\/\/spcstuttgart.de\/de\/wp-json\/wp\/v2\/users\/1"}],"replies":[{"embeddable":true,"href":"https:\/\/spcstuttgart.de\/de\/wp-json\/wp\/v2\/comments?post=3916"}],"version-history":[{"count":38,"href":"https:\/\/spcstuttgart.de\/de\/wp-json\/wp\/v2\/pages\/3916\/revisions"}],"predecessor-version":[{"id":13951,"href":"https:\/\/spcstuttgart.de\/de\/wp-json\/wp\/v2\/pages\/3916\/revisions\/13951"}],"wp:attachment":[{"href":"https:\/\/spcstuttgart.de\/de\/wp-json\/wp\/v2\/media?parent=3916"}],"curies":[{"name":"wp","href":"https:\/\/api.w.org\/{rel}","templated":true}]}}