{"id":14010,"date":"2025-11-27T13:12:36","date_gmt":"2025-11-27T12:12:36","guid":{"rendered":"https:\/\/spcstuttgart.de\/?page_id=14010"},"modified":"2025-11-27T13:18:14","modified_gmt":"2025-11-27T12:18:14","slug":"protojerej-dragoslav-corkovic","status":"publish","type":"page","link":"https:\/\/spcstuttgart.de\/de\/protojerej-dragoslav-corkovic\/","title":{"rendered":"Erzpriester Dragoslav \u0106orkovi\u0107"},"content":{"rendered":"<div data-elementor-type=\"wp-page\" data-elementor-id=\"14010\" class=\"elementor elementor-14010\" data-elementor-post-type=\"page\">\n\t\t\t\t<div class=\"elementor-element elementor-element-c1f093b e-flex e-con-boxed e-con e-parent\" data-id=\"c1f093b\" data-element_type=\"container\" data-e-type=\"container\" data-settings=\"{&quot;background_background&quot;:&quot;classic&quot;}\">\n\t\t\t\t\t<div class=\"e-con-inner\">\n\t\t<div class=\"elementor-element elementor-element-0d33173 e-con-full e-flex e-con e-child\" data-id=\"0d33173\" data-element_type=\"container\" data-e-type=\"container\">\n\t\t\t\t<div class=\"elementor-element elementor-element-114779b elementor-widget elementor-widget-image\" data-id=\"114779b\" data-element_type=\"widget\" data-e-type=\"widget\" data-widget_type=\"image.default\">\n\t\t\t\t\t\t\t\t\t\t\t\t\t\t\t<img alt=\"\" fetchpriority=\"high\" decoding=\"async\" width=\"336\" height=\"350\" src=\"https:\/\/spcstuttgart.de\/wp-content\/uploads\/2025\/11\/Svestenik-Dragoslav.jpg\" class=\"attachment-2048x2048 size-2048x2048 wp-image-14014\" srcset=\"https:\/\/spcstuttgart.de\/wp-content\/uploads\/2025\/11\/Svestenik-Dragoslav.jpg 336w, https:\/\/spcstuttgart.de\/wp-content\/uploads\/2025\/11\/Svestenik-Dragoslav-288x300.jpg 288w, https:\/\/spcstuttgart.de\/wp-content\/uploads\/2025\/11\/Svestenik-Dragoslav-12x12.jpg 12w\" sizes=\"(max-width: 336px) 100vw, 336px\" \/>\t\t\t\t\t\t\t\t\t\t\t\t\t\t\t<\/div>\n\t\t\t\t<\/div>\n\t\t<div class=\"elementor-element elementor-element-0f445e2 e-con-full e-flex e-con e-child\" data-id=\"0f445e2\" data-element_type=\"container\" data-e-type=\"container\">\n\t\t\t\t<div class=\"elementor-element elementor-element-372204a elementor-widget elementor-widget-heading\" data-id=\"372204a\" data-element_type=\"widget\" data-e-type=\"widget\" data-widget_type=\"heading.default\">\n\t\t\t\t\t<h1 class=\"elementor-heading-title elementor-size-default\">Erzpriester Dragoslav \u0106orkovi\u0107<\/h1>\t\t\t\t<\/div>\n\t\t\t\t<div class=\"elementor-element elementor-element-e9f433a elementor-widget elementor-widget-text-editor\" data-id=\"e9f433a\" data-element_type=\"widget\" data-e-type=\"widget\" data-widget_type=\"text-editor.default\">\n\t\t\t\t\t\t\t\t\t<p>wurde am 7.\/Juni 25. Mai 1968 in Bosanska Gradi\u0161ka geboren. Seine Eltern Milan und Smiljana (geb. Borjanovi\u0107) kamen 1970 als Gastarbeiter nach Stuttgart. Nach der Grundschule und Realschule absolvierte er 1986 das Technische Berufskolleg mit Schwerpunkt Physik in Stuttgart und besuchte parallel bis Ende 1987 die wirtschaftswissenschaftliche Sekundarschule in Belgrad. September 1987 wurde er zum Wehrdienst in Jugoslawien einberufen, den er 1988 in Samobor als Funker und Junior Sergeant verlie\u00df. Von 1988 bis 1991 studierte er als Au\u00dferordentlicher Student Wirtschaftswissenschaft an der Fakult\u00e4t in Zagreb.<\/p><p>1991 startete er als Apostel-Leser und Chors\u00e4nger seinen kirchlichen Dienst. Mit dem Segen des Bischofs Konstantin heiratet er 1995 Milanka geb. Danilovi\u0107. Sie haben zwei T\u00f6chter, Helena und Natalija. 1997 schrieb er sich endlich an der Orthodoxen Theologischen Fakult\u00e4t in M\u00fcnchen ein und diplomierte 2002 in der Regelstudienzeit von 10 Semestern im Fach Pastoraltheologie mit der Abschlussnote 1,65. Im Jahre 1996 wurde er von Bischof Konstantin von Mitteleuropa als Lektor geweiht, mit dem Recht ein Orarion zu tragen. Zwei Jahre sp\u00e4ter wurde er am Kirchweihfest der Synaxis der serbischen Heiligen am 20. September 1998 in Stuttgart zum Diakon geweiht und war seit dem Pfarrdiakon in der Kirchengemeinde in Stuttgart. Er ist seit 2005 bei der Techniker Krankenkasse angestellt. 2011 erhielt er vom Bischof von Mitteleuropa, S.E. Herr Bischof Konstantin, das Recht einen roten G\u00fcrtel zu tragen. Im Januar 2015 hat der Bischof von Frankfurt und ganz Deutschland S.E. Herr Sergie ihn mit dem Rang eines Erzdiakons ausgezeichnet. Am Fest der heiligen M\u00e4rtyrer Tarah, Prov und Andronik, am 25\/12. im Oktober 2015 weihte in N\u00fcrnberg Seine Eminenz der Bischof von Frankfurt und ganz Deutschland Herr Sergie, den ehemaligen Erzdiakon Dragoslav \u0106orkovi\u0107 zum Priester mit der W\u00fcrde des Erzpriesters, als Anerkennung f\u00fcr seine achtzehn Jahre opferbereiter T\u00e4tigkeit auf der Weide des Herrn. Von 2014 bis Februar 2018 war Erzpriester Dragoslav \u0106orkovi\u0107 Sekret\u00e4r der Kirchengemeinde in Stuttgart und seitdem ist er ohne zugewiesenen Gemeindebezirk der Stuttgarter Kirchengemeinde zugeh\u00f6rig.<\/p>\t\t\t\t\t\t\t\t<\/div>\n\t\t\t\t<\/div>\n\t\t\t\t\t<\/div>\n\t\t\t\t<\/div>\n\t\t\t\t<\/div>","protected":false},"excerpt":{"rendered":"<p>\u041f\u0440\u043e\u0442\u043e\u0458\u0435\u0440\u0435\u0458 \u0414\u0440\u0430\u0433\u043e\u0441\u043b\u0430\u0432 \u040b\u043e\u0440\u043a\u043e\u0432\u0438\u045b \u0420\u043e\u0452\u0435\u043d \u0458\u0435 7. \u0458\u0443\u043d\u0430\/25. \u043c\u0430\u0458\u0430 1968. \u0433\u043e\u0434\u0438\u043d\u0435 \u0443 \u0411\u043e\u0441\u0430\u043d\u0441\u043a\u043e\u0458 \u0413\u0440\u0430\u0434\u0438\u0448\u0446\u0438. \u0420\u043e\u0434\u0438\u0442\u0435\u0459\u0438 \u041c\u0438\u043b\u0430\u043d \u0438 \u0421\u043c\u0438\u0459\u0430\u043d\u0430 (\u0440\u043e\u0452. \u0411\u043e\u0440\u0458\u0430\u043d\u043e\u0432\u0438\u045b) \u0434\u043e\u043b\u0430\u0437\u0435 1970. \u0443 \u0428\u0442\u0443\u0442\u0433\u0430\u0440\u0442. \u0421\u0440\u0435\u0434\u045a\u0443 \u0422\u0435\u0445\u043d\u0438\u0447\u043a\u0443 \u0448\u043a\u043e\u043b\u0443, \u0441\u043c\u0435\u0440 \u0444\u0438\u0437\u0438\u043a\u0430, \u0437\u0430\u0432\u0440\u0448\u0438\u043e \u0458\u0435 1986. \u0433\u043e\u0434\u0438\u043d\u0435 \u0443 \u0428\u0442\u0443\u0442\u0433\u0430\u0440\u0442\u0443 \u0443\u0437 \u0443\u043f\u043e\u0440\u0435\u0434\u043e \u0432\u0430\u043d\u0440\u0435\u0434\u043d\u043e \u043f\u043e\u0445\u0430\u0452\u0430\u045a\u0435 \u0441\u0440\u0435\u0434\u045a\u0435 \u0435\u043a\u043e\u043d\u043e\u043c\u0441\u043a\u0435 \u0448\u043a\u043e\u043b\u0435 \u0443 \u0411\u0435\u043e\u0433\u0440\u0430\u0434\u0443 \u043a\u043e\u0458\u0443 \u043f\u0440\u0438\u0432\u043e\u0434\u0438 \u043a\u0440\u0430\u0458\u0443 1987. \u0433\u043e\u0434\u0438\u043d\u0435. \u0421\u0435\u043f\u0442\u0435\u043c\u0431\u0440\u0430 1987. \u0433\u043e\u0434\u0438\u043d\u0435 \u043e\u0434\u0430\u0437\u0438\u0432\u0430 \u0441\u0435 \u0432\u043e\u0458\u043d\u043e\u043c \u0440\u043e\u043a\u0443 [&hellip;]<\/p>\n","protected":false},"author":1,"featured_media":14014,"parent":0,"menu_order":0,"comment_status":"closed","ping_status":"closed","template":"elementor_header_footer","meta":{"_seopress_robots_primary_cat":"","_seopress_titles_title":"","_seopress_titles_desc":"","_seopress_robots_index":"","site-sidebar-layout":"no-sidebar","site-content-layout":"page-builder","ast-site-content-layout":"full-width-container","site-content-style":"default","site-sidebar-style":"default","ast-global-header-display":"","ast-banner-title-visibility":"","ast-main-header-display":"","ast-hfb-above-header-display":"","ast-hfb-below-header-display":"","ast-hfb-mobile-header-display":"","site-post-title":"disabled","ast-breadcrumbs-content":"","ast-featured-img":"disabled","footer-sml-layout":"","ast-disable-related-posts":"","theme-transparent-header-meta":"","adv-header-id-meta":"","stick-header-meta":"","header-above-stick-meta":"","header-main-stick-meta":"","header-below-stick-meta":"","astra-migrate-meta-layouts":"set","ast-page-background-enabled":"default","ast-page-background-meta":{"desktop":{"background-color":"","background-image":"","background-repeat":"repeat","background-position":"center center","background-size":"auto","background-attachment":"scroll","background-type":"","background-media":"","overlay-type":"","overlay-color":"","overlay-opacity":"","overlay-gradient":""},"tablet":{"background-color":"","background-image":"","background-repeat":"repeat","background-position":"center center","background-size":"auto","background-attachment":"scroll","background-type":"","background-media":"","overlay-type":"","overlay-color":"","overlay-opacity":"","overlay-gradient":""},"mobile":{"background-color":"","background-image":"","background-repeat":"repeat","background-position":"center center","background-size":"auto","background-attachment":"scroll","background-type":"","background-media":"","overlay-type":"","overlay-color":"","overlay-opacity":"","overlay-gradient":""}},"ast-content-background-meta":{"desktop":{"background-color":"var(--ast-global-color-5)","background-image":"","background-repeat":"repeat","background-position":"center center","background-size":"auto","background-attachment":"scroll","background-type":"","background-media":"","overlay-type":"","overlay-color":"","overlay-opacity":"","overlay-gradient":""},"tablet":{"background-color":"var(--ast-global-color-5)","background-image":"","background-repeat":"repeat","background-position":"center center","background-size":"auto","background-attachment":"scroll","background-type":"","background-media":"","overlay-type":"","overlay-color":"","overlay-opacity":"","overlay-gradient":""},"mobile":{"background-color":"var(--ast-global-color-5)","background-image":"","background-repeat":"repeat","background-position":"center center","background-size":"auto","background-attachment":"scroll","background-type":"","background-media":"","overlay-type":"","overlay-color":"","overlay-opacity":"","overlay-gradient":""}},"footnotes":""},"class_list":["post-14010","page","type-page","status-publish","has-post-thumbnail","hentry"],"_hostinger_reach_plugin_has_subscription_block":false,"_hostinger_reach_plugin_is_elementor":false,"_links":{"self":[{"href":"https:\/\/spcstuttgart.de\/de\/wp-json\/wp\/v2\/pages\/14010","targetHints":{"allow":["GET"]}}],"collection":[{"href":"https:\/\/spcstuttgart.de\/de\/wp-json\/wp\/v2\/pages"}],"about":[{"href":"https:\/\/spcstuttgart.de\/de\/wp-json\/wp\/v2\/types\/page"}],"author":[{"embeddable":true,"href":"https:\/\/spcstuttgart.de\/de\/wp-json\/wp\/v2\/users\/1"}],"replies":[{"embeddable":true,"href":"https:\/\/spcstuttgart.de\/de\/wp-json\/wp\/v2\/comments?post=14010"}],"version-history":[{"count":6,"href":"https:\/\/spcstuttgart.de\/de\/wp-json\/wp\/v2\/pages\/14010\/revisions"}],"predecessor-version":[{"id":14020,"href":"https:\/\/spcstuttgart.de\/de\/wp-json\/wp\/v2\/pages\/14010\/revisions\/14020"}],"wp:featuredmedia":[{"embeddable":true,"href":"https:\/\/spcstuttgart.de\/de\/wp-json\/wp\/v2\/media\/14014"}],"wp:attachment":[{"href":"https:\/\/spcstuttgart.de\/de\/wp-json\/wp\/v2\/media?parent=14010"}],"curies":[{"name":"wp","href":"https:\/\/api.w.org\/{rel}","templated":true}]}}