{"id":13990,"date":"2025-11-27T12:45:53","date_gmt":"2025-11-27T11:45:53","guid":{"rendered":"https:\/\/spcstuttgart.de\/?page_id=13990"},"modified":"2025-11-27T12:46:51","modified_gmt":"2025-11-27T11:46:51","slug":"bojan-jaric","status":"publish","type":"page","link":"https:\/\/spcstuttgart.de\/de\/bojan-jaric\/","title":{"rendered":"Bojan Jaric"},"content":{"rendered":"<div data-elementor-type=\"wp-page\" data-elementor-id=\"13990\" class=\"elementor elementor-13990\" data-elementor-post-type=\"page\">\n\t\t\t\t<div class=\"elementor-element elementor-element-947cae7 e-flex e-con-boxed e-con e-parent\" data-id=\"947cae7\" data-element_type=\"container\" data-e-type=\"container\" data-settings=\"{&quot;background_background&quot;:&quot;classic&quot;}\">\n\t\t\t\t\t<div class=\"e-con-inner\">\n\t\t<div class=\"elementor-element elementor-element-2796666 e-con-full e-flex e-con e-child\" data-id=\"2796666\" data-element_type=\"container\" data-e-type=\"container\">\n\t\t\t\t<div class=\"elementor-element elementor-element-168059e elementor-widget elementor-widget-image\" data-id=\"168059e\" data-element_type=\"widget\" data-e-type=\"widget\" data-widget_type=\"image.default\">\n\t\t\t\t\t\t\t\t\t\t\t\t\t\t\t<img alt=\"\" fetchpriority=\"high\" decoding=\"async\" width=\"2048\" height=\"2048\" src=\"https:\/\/spcstuttgart.de\/wp-content\/uploads\/2025\/11\/Bojan-Jaric.png\" class=\"attachment-2048x2048 size-2048x2048 wp-image-13993\" srcset=\"https:\/\/spcstuttgart.de\/wp-content\/uploads\/2025\/11\/Bojan-Jaric.png 2048w, https:\/\/spcstuttgart.de\/wp-content\/uploads\/2025\/11\/Bojan-Jaric-300x300.png 300w, https:\/\/spcstuttgart.de\/wp-content\/uploads\/2025\/11\/Bojan-Jaric-1024x1024.png 1024w, https:\/\/spcstuttgart.de\/wp-content\/uploads\/2025\/11\/Bojan-Jaric-150x150.png 150w, https:\/\/spcstuttgart.de\/wp-content\/uploads\/2025\/11\/Bojan-Jaric-768x768.png 768w, https:\/\/spcstuttgart.de\/wp-content\/uploads\/2025\/11\/Bojan-Jaric-1536x1536.png 1536w, https:\/\/spcstuttgart.de\/wp-content\/uploads\/2025\/11\/Bojan-Jaric-12x12.png 12w\" sizes=\"(max-width: 2048px) 100vw, 2048px\" \/>\t\t\t\t\t\t\t\t\t\t\t\t\t\t\t<\/div>\n\t\t\t\t<\/div>\n\t\t<div class=\"elementor-element elementor-element-ebc9c97 e-con-full e-flex e-con e-child\" data-id=\"ebc9c97\" data-element_type=\"container\" data-e-type=\"container\">\n\t\t\t\t<div class=\"elementor-element elementor-element-788ee70 elementor-widget elementor-widget-heading\" data-id=\"788ee70\" data-element_type=\"widget\" data-e-type=\"widget\" data-widget_type=\"heading.default\">\n\t\t\t\t\t<h1 class=\"elementor-heading-title elementor-size-default\">Diakon Bojan Jari\u0107<\/h1>\t\t\t\t<\/div>\n\t\t\t\t<div class=\"elementor-element elementor-element-627fade elementor-widget elementor-widget-text-editor\" data-id=\"627fade\" data-element_type=\"widget\" data-e-type=\"widget\" data-widget_type=\"text-editor.default\">\n\t\t\t\t\t\t\t\t\t<p>Geboren am 01. Oktober\/18. September 1986 in Mrkonji\u0107 Grad in Republik Srpska. Er besuchte die weiterf\u00fchrende Schule in Banja Luka, die orthodoxe Theologische Fakult\u00e4t in Fo\u010da. Am dreizehnten Sonntag nach Pfingsten, 18\/05. September 2016, wird er vom Bischof von Frankfurt und ganz Deutschland, Sergije, zum Diakon geweiht. Er dient als Pfarrdiakon in der Stuttgarter Kirche der Synaxis der Serbischen Heiligen.<\/p>\t\t\t\t\t\t\t\t<\/div>\n\t\t\t\t<\/div>\n\t\t\t\t\t<\/div>\n\t\t\t\t<\/div>\n\t\t\t\t<\/div>","protected":false},"excerpt":{"rendered":"<p>\u0402\u0430\u043a\u043e\u043d \u0411\u043e\u0458\u0430\u043d \u0408\u0430\u0440\u0438\u045b \u0420\u043e\u0452\u0435\u043d \u0458\u0435 \u0443 \u041c\u0440\u043a\u043e\u045a\u0438\u045b \u0413\u0440\u0430\u0434\u0443, 01. \u043e\u043a\u0442\u043e\u0431\u0440\u0430\/18. \u0441\u0435\u043f\u0442\u0435\u043c\u0431\u0440\u0430 1986. \u0433\u043e\u0434\u0438\u043d\u0435. \u0421\u0440\u0435\u0434\u045a\u0443 \u0448\u043a\u043e\u043b\u0443 \u043f\u043e\u0445\u0430\u0452\u0430\u043e \u0443 \u0411\u0430\u045a\u0430\u043b\u0443\u0446\u0438, \u0430 \u041f\u0440\u0430\u0432\u043e\u0441\u043b\u0430\u0432\u043d\u0438 \u0431\u043e\u0433\u043e\u0441\u043b\u043e\u0432\u0441\u043a\u0438 \u0444\u0430\u043a\u0443\u043b\u0442\u0435\u0442 \u0443 \u0424\u043e\u0447\u0438. \u0423 \u043d\u0435\u0434\u0435\u0459\u0443 \u0442\u0440\u0438\u043d\u0430\u0435\u0441\u0442\u0443 \u043f\u043e \u0414\u0443\u0445\u043e\u0432\u0438\u043c\u0430, 18\/5. \u0441\u0435\u043f\u0442\u0435\u043c\u0431\u0440\u0430 2016. \u0433\u043e\u0434\u0438\u043d\u0435, \u043d\u0430 \u0441\u0432\u0435\u0442\u043e\u0458 \u0430\u0440\u0445\u0438\u0458\u0435\u0440\u0435\u0458\u0441\u043a\u043e\u0458 \u041b\u0438\u0442\u0443\u0440\u0433\u0438\u0458\u0438 \u0443 \u0428\u0442\u0443\u0442\u0433\u0430\u0440\u0442\u0443, \u0415\u043f\u0438\u0441\u043a\u043e\u043f \u0444\u0440\u0430\u043d\u043a\u0444\u0443\u0440\u0442\u0441\u043a\u0438 \u0438 \u0441\u0432\u0435 \u041d\u0435\u043c\u0430\u0447\u043a\u0435, \u0413. \u0421\u0435\u0440\u0433\u0438\u0458\u0435, \u0440\u0443\u043a\u043e\u043f\u043e\u043b\u043e\u0436\u0438\u043e \u0458\u0435 \u0433. \u0411\u043e\u0458\u0430\u043d\u0430 \u0408\u0430\u0440\u0438\u045b\u0430 \u0443 \u0447\u0438\u043d \u0452\u0430\u043a\u043e\u043d\u0430. \u0421\u0432\u043e\u0458\u0443 [&hellip;]<\/p>\n","protected":false},"author":1,"featured_media":13993,"parent":0,"menu_order":0,"comment_status":"closed","ping_status":"closed","template":"elementor_header_footer","meta":{"_seopress_robots_primary_cat":"","_seopress_titles_title":"","_seopress_titles_desc":"","_seopress_robots_index":"","site-sidebar-layout":"no-sidebar","site-content-layout":"page-builder","ast-site-content-layout":"full-width-container","site-content-style":"default","site-sidebar-style":"default","ast-global-header-display":"","ast-banner-title-visibility":"","ast-main-header-display":"","ast-hfb-above-header-display":"","ast-hfb-below-header-display":"","ast-hfb-mobile-header-display":"","site-post-title":"","ast-breadcrumbs-content":"","ast-featured-img":"disabled","footer-sml-layout":"","ast-disable-related-posts":"","theme-transparent-header-meta":"","adv-header-id-meta":"","stick-header-meta":"","header-above-stick-meta":"","header-main-stick-meta":"","header-below-stick-meta":"","astra-migrate-meta-layouts":"set","ast-page-background-enabled":"default","ast-page-background-meta":{"desktop":{"background-color":"","background-image":"","background-repeat":"repeat","background-position":"center center","background-size":"auto","background-attachment":"scroll","background-type":"","background-media":"","overlay-type":"","overlay-color":"","overlay-opacity":"","overlay-gradient":""},"tablet":{"background-color":"","background-image":"","background-repeat":"repeat","background-position":"center center","background-size":"auto","background-attachment":"scroll","background-type":"","background-media":"","overlay-type":"","overlay-color":"","overlay-opacity":"","overlay-gradient":""},"mobile":{"background-color":"","background-image":"","background-repeat":"repeat","background-position":"center center","background-size":"auto","background-attachment":"scroll","background-type":"","background-media":"","overlay-type":"","overlay-color":"","overlay-opacity":"","overlay-gradient":""}},"ast-content-background-meta":{"desktop":{"background-color":"var(--ast-global-color-5)","background-image":"","background-repeat":"repeat","background-position":"center center","background-size":"auto","background-attachment":"scroll","background-type":"","background-media":"","overlay-type":"","overlay-color":"","overlay-opacity":"","overlay-gradient":""},"tablet":{"background-color":"var(--ast-global-color-5)","background-image":"","background-repeat":"repeat","background-position":"center center","background-size":"auto","background-attachment":"scroll","background-type":"","background-media":"","overlay-type":"","overlay-color":"","overlay-opacity":"","overlay-gradient":""},"mobile":{"background-color":"var(--ast-global-color-5)","background-image":"","background-repeat":"repeat","background-position":"center center","background-size":"auto","background-attachment":"scroll","background-type":"","background-media":"","overlay-type":"","overlay-color":"","overlay-opacity":"","overlay-gradient":""}},"footnotes":""},"class_list":["post-13990","page","type-page","status-publish","has-post-thumbnail","hentry"],"_hostinger_reach_plugin_has_subscription_block":false,"_hostinger_reach_plugin_is_elementor":false,"_links":{"self":[{"href":"https:\/\/spcstuttgart.de\/de\/wp-json\/wp\/v2\/pages\/13990","targetHints":{"allow":["GET"]}}],"collection":[{"href":"https:\/\/spcstuttgart.de\/de\/wp-json\/wp\/v2\/pages"}],"about":[{"href":"https:\/\/spcstuttgart.de\/de\/wp-json\/wp\/v2\/types\/page"}],"author":[{"embeddable":true,"href":"https:\/\/spcstuttgart.de\/de\/wp-json\/wp\/v2\/users\/1"}],"replies":[{"embeddable":true,"href":"https:\/\/spcstuttgart.de\/de\/wp-json\/wp\/v2\/comments?post=13990"}],"version-history":[{"count":4,"href":"https:\/\/spcstuttgart.de\/de\/wp-json\/wp\/v2\/pages\/13990\/revisions"}],"predecessor-version":[{"id":13997,"href":"https:\/\/spcstuttgart.de\/de\/wp-json\/wp\/v2\/pages\/13990\/revisions\/13997"}],"wp:featuredmedia":[{"embeddable":true,"href":"https:\/\/spcstuttgart.de\/de\/wp-json\/wp\/v2\/media\/13993"}],"wp:attachment":[{"href":"https:\/\/spcstuttgart.de\/de\/wp-json\/wp\/v2\/media?parent=13990"}],"curies":[{"name":"wp","href":"https:\/\/api.w.org\/{rel}","templated":true}]}}