{"id":13872,"date":"2025-11-23T22:41:15","date_gmt":"2025-11-23T21:41:15","guid":{"rendered":"https:\/\/spcstuttgart.de\/?page_id=13872"},"modified":"2025-11-23T22:53:43","modified_gmt":"2025-11-23T21:53:43","slug":"teofil-grozdanovski","status":"publish","type":"page","link":"https:\/\/spcstuttgart.de\/de\/teofil-grozdanovski\/","title":{"rendered":"Teofil Grozdanovski"},"content":{"rendered":"<div data-elementor-type=\"wp-page\" data-elementor-id=\"13872\" class=\"elementor elementor-13872\" data-elementor-post-type=\"page\">\n\t\t\t\t<div class=\"elementor-element elementor-element-e0c9b99 e-flex e-con-boxed e-con e-parent\" data-id=\"e0c9b99\" data-element_type=\"container\" data-e-type=\"container\" data-settings=\"{&quot;background_background&quot;:&quot;classic&quot;}\">\n\t\t\t\t\t<div class=\"e-con-inner\">\n\t\t<div class=\"elementor-element elementor-element-3226b3d e-con-full e-flex e-con e-child\" data-id=\"3226b3d\" data-element_type=\"container\" data-e-type=\"container\">\n\t\t\t\t<div class=\"elementor-element elementor-element-851f48d elementor-widget elementor-widget-image\" data-id=\"851f48d\" data-element_type=\"widget\" data-e-type=\"widget\" data-widget_type=\"image.default\">\n\t\t\t\t\t\t\t\t\t\t\t\t\t\t\t<img alt=\"\" fetchpriority=\"high\" decoding=\"async\" width=\"2048\" height=\"2048\" src=\"https:\/\/spcstuttgart.de\/wp-content\/uploads\/2025\/11\/Teofil-Grozdovski.jpg\" class=\"attachment-2048x2048 size-2048x2048 wp-image-13798\" srcset=\"https:\/\/spcstuttgart.de\/wp-content\/uploads\/2025\/11\/Teofil-Grozdovski.jpg 2048w, https:\/\/spcstuttgart.de\/wp-content\/uploads\/2025\/11\/Teofil-Grozdovski-300x300.jpg 300w, https:\/\/spcstuttgart.de\/wp-content\/uploads\/2025\/11\/Teofil-Grozdovski-1024x1024.jpg 1024w, https:\/\/spcstuttgart.de\/wp-content\/uploads\/2025\/11\/Teofil-Grozdovski-150x150.jpg 150w, https:\/\/spcstuttgart.de\/wp-content\/uploads\/2025\/11\/Teofil-Grozdovski-768x768.jpg 768w, https:\/\/spcstuttgart.de\/wp-content\/uploads\/2025\/11\/Teofil-Grozdovski-1536x1536.jpg 1536w, https:\/\/spcstuttgart.de\/wp-content\/uploads\/2025\/11\/Teofil-Grozdovski-12x12.jpg 12w\" sizes=\"(max-width: 2048px) 100vw, 2048px\" \/>\t\t\t\t\t\t\t\t\t\t\t\t\t\t\t<\/div>\n\t\t\t\t<\/div>\n\t\t<div class=\"elementor-element elementor-element-0615a64 e-con-full e-flex e-con e-child\" data-id=\"0615a64\" data-element_type=\"container\" data-e-type=\"container\">\n\t\t\t\t<div class=\"elementor-element elementor-element-6fa4ebd elementor-widget elementor-widget-heading\" data-id=\"6fa4ebd\" data-element_type=\"widget\" data-e-type=\"widget\" data-widget_type=\"heading.default\">\n\t\t\t\t\t<h1 class=\"elementor-heading-title elementor-size-default\">Diakon Theofil Grozdanovski<\/h1>\t\t\t\t<\/div>\n\t\t\t\t<div class=\"elementor-element elementor-element-0da5f6c elementor-widget elementor-widget-text-editor\" data-id=\"0da5f6c\" data-element_type=\"widget\" data-e-type=\"widget\" data-widget_type=\"text-editor.default\">\n\t\t\t\t\t\t\t\t\t<p>Er wurde am 8. Juli 1996 in Kumanovo geboren. Die Grundschule besuchte er an der Schule \u201eHeiliger Kyrill und Method\u201c im Dorf Romanovce bei Kumanovo. Im Jahr 2011 schrieb er sich in das Orthodoxe Priesterseminar ein, das er im Jahr 2016 als Jahrgangsbester abschloss. Im selben Jahr erhielt er den Segen und ein Stipendium f\u00fcr das weitere Studium an der Orthodoxen Theologischen Akademie \u201eAuferstehung Christi\u201c in Durr\u00ebs in der Republik Albanien, die er im Jahr 2018 erfolgreich abschloss. Im selben Jahr nahm er das Bachelorstudium der Theologie an der Orthodoxen Theologischen Fakult\u00e4t der Universit\u00e4t \u201eLogos\u201c in Tirana auf, wo er im Jahr 2021 seinen Abschluss machte. Das Masterstudium an derselben Fakult\u00e4t schloss er im Jahr 2024 ab.<\/p><p>W\u00e4hrend seines Studiums war er aktives Mitglied der theologischen Studentenzeitschrift \u201eRe\u010d\u201c als Autor theologischer Texte und arbeitete auch in der Bibliothek der Fakult\u00e4t. Er nahm an zahlreichen studentischen Konferenzen, theologischen Seminaren und interreligi\u00f6sen Dialogen in Albanien teil.<\/p><p>In der Zeit von 2021 bis 2023 diente er als Metropolitischer Kantor an der Kathedrale des Heiligen Nikolaus in Kumanovo, wo er gleichzeitig als \u00dcbersetzer f\u00fcr die albanische Sprache f\u00fcr die offizielle Webseite der Eparchie Kumanovo-Osogovo sowie als \u00dcbersetzer englischer Texte f\u00fcr die di\u00f6zesane Zeitschrift \u201eTavor\u201c t\u00e4tig war.<\/p><p>Diakon Theofil, urspr\u00fcnglich aus Nordmazedonien, spricht neben der mazedonischen und serbischen Sprache flie\u00dfend Albanisch, Griechisch, Englisch und Deutsch und nutzt auch theologische Literatur in russischer und bulgarischer Sprache.<\/p><p>Er ist mit Katarina Mladenovska verheiratet, ebenfalls aus Kumanovo, die von Beruf Zahn\u00e4rztin ist. Gemeinsam haben sie einen Sohn namens Grigorije.<\/p>\t\t\t\t\t\t\t\t<\/div>\n\t\t\t\t<\/div>\n\t\t\t\t\t<\/div>\n\t\t\t\t<\/div>\n\t\t\t\t<\/div>","protected":false},"excerpt":{"rendered":"<p>\u0402\u0430\u043a\u043e\u043d \u0422\u0435\u043e\u0444\u0438\u043b \u0413\u0440\u043e\u0437\u0434\u0430\u043d\u043e\u0432\u0441\u043a\u0438 \u0420\u043e\u0452\u0435\u043d \u0458\u0435 8. \u0458\u0443\u043b\u0430 1996. \u0433\u043e\u0434\u0438\u043d\u0435 \u0443 \u041a\u0443\u043c\u0430\u043d\u043e\u0432\u0443. \u041e\u0441\u043d\u043e\u0432\u043d\u043e \u043e\u0431\u0440\u0430\u0437\u043e\u0432\u0430\u045a\u0435 \u0441\u0442\u0435\u043a\u0430\u043e \u0458\u0435 \u0443 \u0448\u043a\u043e\u043b\u0438 \u201e\u0421\u0432\u0435\u0442\u0438 \u041a\u0438\u0440\u0438\u043b \u0438 \u041c\u0435\u0442\u043e\u0434\u0438\u0458\u0435\u201c \u0443 \u0441\u0435\u043b\u0443 \u0420\u043e\u043c\u0430\u043d\u043e\u0432\u0446\u0435, \u043f\u043e\u0440\u0435\u0434 \u041a\u0443\u043c\u0430\u043d\u043e\u0432\u0430. \u0413\u043e\u0434\u0438\u043d\u0435 2011. \u0443\u043f\u0438\u0441\u0443\u0458\u0435 \u041f\u0440\u0430\u0432\u043e\u0441\u043b\u0430\u0432\u043d\u0443 \u0431\u043e\u0433\u043e\u0441\u043b\u043e\u0432\u0438\u0458\u0443, \u043a\u043e\u0458\u0443 \u0437\u0430\u0432\u0440\u0448\u0430\u0432\u0430 2016. \u043a\u0430\u043e \u0452\u0430\u043a \u0433\u0435\u043d\u0435\u0440\u0430\u0446\u0438\u0458\u0435. \u0418\u0441\u0442\u0435 \u0433\u043e\u0434\u0438\u043d\u0435 \u0434\u043e\u0431\u0438\u0458\u0430 \u0431\u043b\u0430\u0433\u043e\u0441\u043b\u043e\u0432 \u0438 \u0441\u0442\u0438\u043f\u0435\u043d\u0434\u0438\u0458\u0443 \u0437\u0430 \u043d\u0430\u0441\u0442\u0430\u0432\u0430\u043a \u0448\u043a\u043e\u043b\u043e\u0432\u0430\u045a\u0430 \u043d\u0430 \u041f\u0440\u0430\u0432\u043e\u0441\u043b\u0430\u0432\u043d\u043e\u0458 \u0442\u0435\u043e\u043b\u043e\u0448\u043a\u043e\u0458 \u0430\u043a\u0430\u0434\u0435\u043c\u0438\u0458\u0438 \u201e\u0412\u0430\u0441\u043a\u0440\u0441\u0435\u045a\u0430 \u0425\u0440\u0438\u0441\u0442\u043e\u0432\u043e\u0433\u201c \u0443 \u0414\u0440\u0430\u0447\u0443, \u0443 [&hellip;]<\/p>\n","protected":false},"author":1,"featured_media":13798,"parent":0,"menu_order":0,"comment_status":"closed","ping_status":"closed","template":"elementor_header_footer","meta":{"_seopress_robots_primary_cat":"","_seopress_titles_title":"","_seopress_titles_desc":"","_seopress_robots_index":"","site-sidebar-layout":"no-sidebar","site-content-layout":"page-builder","ast-site-content-layout":"full-width-container","site-content-style":"default","site-sidebar-style":"default","ast-global-header-display":"","ast-banner-title-visibility":"","ast-main-header-display":"","ast-hfb-above-header-display":"","ast-hfb-below-header-display":"","ast-hfb-mobile-header-display":"","site-post-title":"","ast-breadcrumbs-content":"","ast-featured-img":"disabled","footer-sml-layout":"","ast-disable-related-posts":"","theme-transparent-header-meta":"","adv-header-id-meta":"","stick-header-meta":"","header-above-stick-meta":"","header-main-stick-meta":"","header-below-stick-meta":"","astra-migrate-meta-layouts":"set","ast-page-background-enabled":"default","ast-page-background-meta":{"desktop":{"background-color":"","background-image":"","background-repeat":"repeat","background-position":"center center","background-size":"auto","background-attachment":"scroll","background-type":"","background-media":"","overlay-type":"","overlay-color":"","overlay-opacity":"","overlay-gradient":""},"tablet":{"background-color":"","background-image":"","background-repeat":"repeat","background-position":"center center","background-size":"auto","background-attachment":"scroll","background-type":"","background-media":"","overlay-type":"","overlay-color":"","overlay-opacity":"","overlay-gradient":""},"mobile":{"background-color":"","background-image":"","background-repeat":"repeat","background-position":"center center","background-size":"auto","background-attachment":"scroll","background-type":"","background-media":"","overlay-type":"","overlay-color":"","overlay-opacity":"","overlay-gradient":""}},"ast-content-background-meta":{"desktop":{"background-color":"var(--ast-global-color-5)","background-image":"","background-repeat":"repeat","background-position":"center center","background-size":"auto","background-attachment":"scroll","background-type":"","background-media":"","overlay-type":"","overlay-color":"","overlay-opacity":"","overlay-gradient":""},"tablet":{"background-color":"var(--ast-global-color-5)","background-image":"","background-repeat":"repeat","background-position":"center center","background-size":"auto","background-attachment":"scroll","background-type":"","background-media":"","overlay-type":"","overlay-color":"","overlay-opacity":"","overlay-gradient":""},"mobile":{"background-color":"var(--ast-global-color-5)","background-image":"","background-repeat":"repeat","background-position":"center center","background-size":"auto","background-attachment":"scroll","background-type":"","background-media":"","overlay-type":"","overlay-color":"","overlay-opacity":"","overlay-gradient":""}},"footnotes":""},"class_list":["post-13872","page","type-page","status-publish","has-post-thumbnail","hentry"],"_hostinger_reach_plugin_has_subscription_block":false,"_hostinger_reach_plugin_is_elementor":false,"_links":{"self":[{"href":"https:\/\/spcstuttgart.de\/de\/wp-json\/wp\/v2\/pages\/13872","targetHints":{"allow":["GET"]}}],"collection":[{"href":"https:\/\/spcstuttgart.de\/de\/wp-json\/wp\/v2\/pages"}],"about":[{"href":"https:\/\/spcstuttgart.de\/de\/wp-json\/wp\/v2\/types\/page"}],"author":[{"embeddable":true,"href":"https:\/\/spcstuttgart.de\/de\/wp-json\/wp\/v2\/users\/1"}],"replies":[{"embeddable":true,"href":"https:\/\/spcstuttgart.de\/de\/wp-json\/wp\/v2\/comments?post=13872"}],"version-history":[{"count":7,"href":"https:\/\/spcstuttgart.de\/de\/wp-json\/wp\/v2\/pages\/13872\/revisions"}],"predecessor-version":[{"id":13888,"href":"https:\/\/spcstuttgart.de\/de\/wp-json\/wp\/v2\/pages\/13872\/revisions\/13888"}],"wp:featuredmedia":[{"embeddable":true,"href":"https:\/\/spcstuttgart.de\/de\/wp-json\/wp\/v2\/media\/13798"}],"wp:attachment":[{"href":"https:\/\/spcstuttgart.de\/de\/wp-json\/wp\/v2\/media?parent=13872"}],"curies":[{"name":"wp","href":"https:\/\/api.w.org\/{rel}","templated":true}]}}