{"id":13846,"date":"2025-11-23T22:26:52","date_gmt":"2025-11-23T21:26:52","guid":{"rendered":"https:\/\/spcstuttgart.de\/?page_id=13846"},"modified":"2026-03-18T16:43:37","modified_gmt":"2026-03-18T15:43:37","slug":"marko-kolovic","status":"publish","type":"page","link":"https:\/\/spcstuttgart.de\/de\/marko-kolovic\/","title":{"rendered":"Marko Kolovic"},"content":{"rendered":"<div data-elementor-type=\"wp-page\" data-elementor-id=\"13846\" class=\"elementor elementor-13846\" data-elementor-post-type=\"page\">\n\t\t\t\t<div class=\"elementor-element elementor-element-f035147 e-flex e-con-boxed e-con e-parent\" data-id=\"f035147\" data-element_type=\"container\" data-e-type=\"container\" data-settings=\"{&quot;background_background&quot;:&quot;classic&quot;}\">\n\t\t\t\t\t<div class=\"e-con-inner\">\n\t\t<div class=\"elementor-element elementor-element-e6ad2c0 e-con-full e-flex e-con e-child\" data-id=\"e6ad2c0\" data-element_type=\"container\" data-e-type=\"container\">\n\t\t\t\t<div class=\"elementor-element elementor-element-f46e1bc elementor-widget elementor-widget-image\" data-id=\"f46e1bc\" data-element_type=\"widget\" data-e-type=\"widget\" data-widget_type=\"image.default\">\n\t\t\t\t\t\t\t\t\t\t\t\t\t\t\t<img alt=\"\" fetchpriority=\"high\" decoding=\"async\" width=\"2048\" height=\"2048\" src=\"https:\/\/spcstuttgart.de\/wp-content\/uploads\/2025\/11\/Marko-Kolovic-o.jpg\" class=\"attachment-2048x2048 size-2048x2048 wp-image-13796\" srcset=\"https:\/\/spcstuttgart.de\/wp-content\/uploads\/2025\/11\/Marko-Kolovic-o.jpg 2048w, https:\/\/spcstuttgart.de\/wp-content\/uploads\/2025\/11\/Marko-Kolovic-o-300x300.jpg 300w, https:\/\/spcstuttgart.de\/wp-content\/uploads\/2025\/11\/Marko-Kolovic-o-1024x1024.jpg 1024w, https:\/\/spcstuttgart.de\/wp-content\/uploads\/2025\/11\/Marko-Kolovic-o-150x150.jpg 150w, https:\/\/spcstuttgart.de\/wp-content\/uploads\/2025\/11\/Marko-Kolovic-o-768x768.jpg 768w, https:\/\/spcstuttgart.de\/wp-content\/uploads\/2025\/11\/Marko-Kolovic-o-1536x1536.jpg 1536w, https:\/\/spcstuttgart.de\/wp-content\/uploads\/2025\/11\/Marko-Kolovic-o-12x12.jpg 12w\" sizes=\"(max-width: 2048px) 100vw, 2048px\" \/>\t\t\t\t\t\t\t\t\t\t\t\t\t\t\t<\/div>\n\t\t\t\t<\/div>\n\t\t<div class=\"elementor-element elementor-element-bf6d595 e-con-full e-flex e-con e-child\" data-id=\"bf6d595\" data-element_type=\"container\" data-e-type=\"container\">\n\t\t\t\t<div class=\"elementor-element elementor-element-67a3665 elementor-widget elementor-widget-heading\" data-id=\"67a3665\" data-element_type=\"widget\" data-e-type=\"widget\" data-widget_type=\"heading.default\">\n\t\t\t\t\t<h1 class=\"elementor-heading-title elementor-size-default\">Diakon Marko Kolovic<\/h1>\t\t\t\t<\/div>\n\t\t\t\t<div class=\"elementor-element elementor-element-cd25462 elementor-widget elementor-widget-text-editor\" data-id=\"cd25462\" data-element_type=\"widget\" data-e-type=\"widget\" data-widget_type=\"text-editor.default\">\n\t\t\t\t\t\t\t\t\t<p>Geboren am 25.\/12. Oktober 1998 im Distrikt Br\u010dko, wo er auch aufwuchs und die Grundschule absolvierte. Danach besuchte er das Priesterseminar \u201eHeiliger Arsenius von Srem\u201c in Sremski Karlovci,\u00a0<\/p><p>das er 2018 abschloss. Sein Studium setzte er in Belgrad an der Orthodoxen Theologischen Fakult\u00e4t fort, wo er 2022 sein Diplom erhielt. Seit Juli 2024 geh\u00f6rt er zur Di\u00f6zese D\u00fcsseldorf und Deutschland.\u00a0<\/p><p>. Er hat am 7. September 2024 geheiratet und wurde am 23. Februar 2025 in der Kathedralkirche in Trebinje zum Diakon geweiht. Mit dem Segen Seiner Eminenz, des Metropoliten und Erzbischofs von D\u00fcsseldorf und Deutschland,<\/p><p>\u00a0Herrn Grigorije, wurde er am 1. M\u00e4rz 2025 als Gemeindediakon an der Kirche der Versammlung der serbischen Heiligen in Stuttgart eingesetzt.<\/p>\t\t\t\t\t\t\t\t<\/div>\n\t\t\t\t<\/div>\n\t\t\t\t\t<\/div>\n\t\t\t\t<\/div>\n\t\t\t\t<\/div>","protected":false},"excerpt":{"rendered":"<p>\u0402\u0430\u043a\u043e\u043d \u041c\u0430\u0440\u043a\u043e \u041a\u043e\u043b\u043e\u0432\u0438\u045b \u0420\u043e\u0452\u0435\u043d \u0458\u0435 \u0443 \u0411\u0440\u0447\u043a\u043e \u0434\u0438\u0441\u0442\u0440\u0438\u043a\u0442\u0443 25\/12. \u041e\u043a\u0442\u043e\u0431\u0440\u0430 1998. \u0433\u043e\u0434\u0438\u043d\u0435, \u0433\u0434\u0435 \u0458\u0435 \u0438 \u043e\u0434\u0440\u0441\u0442\u0430\u043e \u0438 \u0437\u0430\u0432\u0440\u0448\u0438\u043e \u043e\u0441\u043d\u043e\u0432\u043d\u0443 \u0448\u043a\u043e\u043b\u0443. \u041f\u043e\u0442\u043e\u043c \u0443\u043f\u0438\u0441\u0443\u0458\u0435 \u0431\u043e\u0433\u043e\u0441\u043b\u043e\u0432\u0438\u0458\u0443 ,,\u0421\u0432\u0435\u0442\u0438 \u0410\u0440\u0441\u0435\u043d\u0438\u0458\u0435 \u0421\u0440\u0435\u043c\u0430\u0446&#8220; \u0443\u00a0 \u0421\u0440\u0435\u043c\u0441\u043a\u0438\u043c \u041a\u0430\u0440\u043b\u043e\u0432\u0446\u0438\u043c\u0430 \u043a\u043e\u0458\u0443 \u0437\u0430\u0432\u0440\u0448\u0430\u0432\u0430 2018. \u0433\u043e\u0434\u0438\u043d\u0435. \u0414\u0430\u0459\u0435 \u0448\u043a\u043e\u043b\u043e\u0432\u0430\u045a\u0435 \u043d\u0430\u0441\u0442\u0430\u0432\u0459\u0430 \u0443 \u0411\u0435\u043e\u0433\u0440\u0430\u0434\u0443 \u043d\u0430 \u041f\u0440\u0430\u0432\u043e\u0441\u043b\u0430\u0432\u043d\u043e\u043c \u0431\u043e\u0433\u043e\u0441\u043b\u043e\u0432\u0441\u043a\u043e\u043c \u0444\u0430\u043a\u0443\u043b\u0442\u0435\u0442\u0443, \u0433\u0434\u0435 \u0458\u0435 \u0434\u0438\u043f\u043b\u043e\u043c\u0438\u0440\u0430\u043e 2022. \u0433\u043e\u0434\u0438\u043d\u0435. \u041e\u0434 \u0458\u0443\u043b\u0430 2024. \u0433\u043e\u0434\u0438\u043d\u0435 \u043f\u0440\u0435\u043b\u0430\u0437\u0438 \u0443 \u0415\u043f\u0430\u0440\u0445\u0438\u0458\u0443 \u0434\u0438\u0441\u0435\u043b\u0434\u043e\u0440\u0444\u0441\u043a\u0443 [&hellip;]<\/p>\n","protected":false},"author":1,"featured_media":13796,"parent":0,"menu_order":0,"comment_status":"closed","ping_status":"closed","template":"elementor_header_footer","meta":{"_seopress_robots_primary_cat":"","_seopress_titles_title":"","_seopress_titles_desc":"","_seopress_robots_index":"","site-sidebar-layout":"no-sidebar","site-content-layout":"page-builder","ast-site-content-layout":"full-width-container","site-content-style":"default","site-sidebar-style":"default","ast-global-header-display":"","ast-banner-title-visibility":"","ast-main-header-display":"","ast-hfb-above-header-display":"","ast-hfb-below-header-display":"","ast-hfb-mobile-header-display":"","site-post-title":"","ast-breadcrumbs-content":"","ast-featured-img":"disabled","footer-sml-layout":"","ast-disable-related-posts":"","theme-transparent-header-meta":"","adv-header-id-meta":"","stick-header-meta":"","header-above-stick-meta":"","header-main-stick-meta":"","header-below-stick-meta":"","astra-migrate-meta-layouts":"set","ast-page-background-enabled":"default","ast-page-background-meta":{"desktop":{"background-color":"","background-image":"","background-repeat":"repeat","background-position":"center center","background-size":"auto","background-attachment":"scroll","background-type":"","background-media":"","overlay-type":"","overlay-color":"","overlay-opacity":"","overlay-gradient":""},"tablet":{"background-color":"","background-image":"","background-repeat":"repeat","background-position":"center center","background-size":"auto","background-attachment":"scroll","background-type":"","background-media":"","overlay-type":"","overlay-color":"","overlay-opacity":"","overlay-gradient":""},"mobile":{"background-color":"","background-image":"","background-repeat":"repeat","background-position":"center center","background-size":"auto","background-attachment":"scroll","background-type":"","background-media":"","overlay-type":"","overlay-color":"","overlay-opacity":"","overlay-gradient":""}},"ast-content-background-meta":{"desktop":{"background-color":"var(--ast-global-color-5)","background-image":"","background-repeat":"repeat","background-position":"center center","background-size":"auto","background-attachment":"scroll","background-type":"","background-media":"","overlay-type":"","overlay-color":"","overlay-opacity":"","overlay-gradient":""},"tablet":{"background-color":"var(--ast-global-color-5)","background-image":"","background-repeat":"repeat","background-position":"center center","background-size":"auto","background-attachment":"scroll","background-type":"","background-media":"","overlay-type":"","overlay-color":"","overlay-opacity":"","overlay-gradient":""},"mobile":{"background-color":"var(--ast-global-color-5)","background-image":"","background-repeat":"repeat","background-position":"center center","background-size":"auto","background-attachment":"scroll","background-type":"","background-media":"","overlay-type":"","overlay-color":"","overlay-opacity":"","overlay-gradient":""}},"footnotes":""},"class_list":["post-13846","page","type-page","status-publish","has-post-thumbnail","hentry"],"_hostinger_reach_plugin_has_subscription_block":false,"_hostinger_reach_plugin_is_elementor":false,"_links":{"self":[{"href":"https:\/\/spcstuttgart.de\/de\/wp-json\/wp\/v2\/pages\/13846","targetHints":{"allow":["GET"]}}],"collection":[{"href":"https:\/\/spcstuttgart.de\/de\/wp-json\/wp\/v2\/pages"}],"about":[{"href":"https:\/\/spcstuttgart.de\/de\/wp-json\/wp\/v2\/types\/page"}],"author":[{"embeddable":true,"href":"https:\/\/spcstuttgart.de\/de\/wp-json\/wp\/v2\/users\/1"}],"replies":[{"embeddable":true,"href":"https:\/\/spcstuttgart.de\/de\/wp-json\/wp\/v2\/comments?post=13846"}],"version-history":[{"count":19,"href":"https:\/\/spcstuttgart.de\/de\/wp-json\/wp\/v2\/pages\/13846\/revisions"}],"predecessor-version":[{"id":13885,"href":"https:\/\/spcstuttgart.de\/de\/wp-json\/wp\/v2\/pages\/13846\/revisions\/13885"}],"wp:featuredmedia":[{"embeddable":true,"href":"https:\/\/spcstuttgart.de\/de\/wp-json\/wp\/v2\/media\/13796"}],"wp:attachment":[{"href":"https:\/\/spcstuttgart.de\/de\/wp-json\/wp\/v2\/media?parent=13846"}],"curies":[{"name":"wp","href":"https:\/\/api.w.org\/{rel}","templated":true}]}}